{"id":275,"date":"2024-12-23T16:58:41","date_gmt":"2024-12-23T15:58:41","guid":{"rendered":"https:\/\/boxairace.com\/inditsa-el-a-oldalt\/"},"modified":"2024-12-24T18:20:16","modified_gmt":"2024-12-24T17:20:16","slug":"inditsa-el-a-oldalt","status":"publish","type":"page","link":"https:\/\/boxairace.com\/hu\/","title":{"rendered":"Ind\u00edtsa el a  oldalt."},"content":{"rendered":"\n<div class=\"wp-block-group alignfull has-background-background-color has-background has-global-padding is-layout-constrained wp-container-core-group-is-layout-38cedfe0 wp-block-group-is-layout-constrained\" style=\"margin-top:0;margin-bottom:0;padding-top:var(--wp--preset--spacing--40);padding-right:var(--wp--preset--spacing--30);padding-bottom:var(--wp--preset--spacing--60);padding-left:var(--wp--preset--spacing--30)\">\n<div class=\"wp-block-group alignwide has-global-padding is-content-justification-left is-layout-constrained wp-container-core-group-is-layout-17af7ffb wp-block-group-is-layout-constrained\">\n<h1 class=\"wp-block-heading\" style=\"margin-top:12px\">A VW Bog\u00e1r \u00e9s Porsche felnik szak\u00e9rt\u0151je<\/h1>\n\n\n\n<p style=\"margin-top:16px\">Fedezze fel szenved\u00e9ly\u00fcnket a VW kultikus aut\u00f3k fel\u00faj\u00edt\u00e1sa \u00e9s tuningja ir\u00e1nt.<\/p>\n\n\n\n<div class=\"wp-block-buttons is-layout-flex wp-container-core-buttons-is-layout-12dcd427 wp-block-buttons-is-layout-flex\" style=\"margin-top:var(--wp--preset--spacing--40)\">\n<div class=\"wp-block-button\"><a class=\"wp-block-button__link wp-element-button\" href=\"https:\/\/boxairace.com\/#kontakt\">Fedezzen fel t\u00f6bbet<\/a><\/div>\n\n\n\n<div class=\"wp-block-button is-style-outline is-style-outline--1\"><a class=\"wp-block-button__link wp-element-button\" href=\"https:\/\/boxairace.com\/#kontakt\">Kapcsolatfelv\u00e9tel<\/a><\/div>\n<\/div>\n<\/div>\n\n\n\n<div class=\"wp-block-columns alignwide is-layout-flex wp-container-core-columns-is-layout-28f84493 wp-block-columns-is-layout-flex\">\n<div class=\"wp-block-column is-layout-flow wp-block-column-is-layout-flow\">\n<figure class=\"wp-block-image aligncenter size-large ext-aspect-landscape-wide\"><img loading=\"lazy\" decoding=\"async\" width=\"1024\" height=\"1024\" src=\"https:\/\/boxairace.com\/wp-content\/uploads\/2024\/12\/boxairace-1024x1024.jpg\" alt=\"\" class=\"wp-image-129\" style=\"aspect-ratio:4\/3;object-fit:cover\" srcset=\"https:\/\/boxairace.com\/wp-content\/uploads\/2024\/12\/boxairace-1024x1024.jpg 1024w, https:\/\/boxairace.com\/wp-content\/uploads\/2024\/12\/boxairace-300x300.jpg 300w, https:\/\/boxairace.com\/wp-content\/uploads\/2024\/12\/boxairace-150x150.jpg 150w, https:\/\/boxairace.com\/wp-content\/uploads\/2024\/12\/boxairace-768x768.jpg 768w, https:\/\/boxairace.com\/wp-content\/uploads\/2024\/12\/boxairace.jpg 1080w\" sizes=\"auto, (max-width: 1024px) 100vw, 1024px\" \/><\/figure>\n<\/div>\n\n\n\n<div class=\"wp-block-column is-layout-flow wp-block-column-is-layout-flow\">\n<figure class=\"wp-block-image aligncenter size-large ext-aspect-landscape-wide\"><img loading=\"lazy\" decoding=\"async\" width=\"1024\" height=\"1024\" src=\"https:\/\/boxairace.com\/wp-content\/uploads\/2024\/12\/boxairacekaefertuning-1024x1024.jpg\" alt=\"\" class=\"wp-image-131\" style=\"aspect-ratio:4\/3;object-fit:cover\" srcset=\"https:\/\/boxairace.com\/wp-content\/uploads\/2024\/12\/boxairacekaefertuning-1024x1024.jpg 1024w, https:\/\/boxairace.com\/wp-content\/uploads\/2024\/12\/boxairacekaefertuning-300x300.jpg 300w, https:\/\/boxairace.com\/wp-content\/uploads\/2024\/12\/boxairacekaefertuning-150x150.jpg 150w, https:\/\/boxairace.com\/wp-content\/uploads\/2024\/12\/boxairacekaefertuning-768x768.jpg 768w, https:\/\/boxairace.com\/wp-content\/uploads\/2024\/12\/boxairacekaefertuning.jpg 1080w\" sizes=\"auto, (max-width: 1024px) 100vw, 1024px\" \/><\/figure>\n<\/div>\n\n\n\n<div class=\"wp-block-column is-layout-flow wp-block-column-is-layout-flow\">\n<figure class=\"wp-block-image aligncenter size-large ext-aspect-landscape-wide\"><img loading=\"lazy\" decoding=\"async\" width=\"1024\" height=\"1024\" src=\"https:\/\/boxairace.com\/wp-content\/uploads\/2024\/12\/boxairace-3-1024x1024.jpg\" alt=\"\" class=\"wp-image-126\" style=\"aspect-ratio:4\/3;object-fit:cover\" srcset=\"https:\/\/boxairace.com\/wp-content\/uploads\/2024\/12\/boxairace-3-1024x1024.jpg 1024w, https:\/\/boxairace.com\/wp-content\/uploads\/2024\/12\/boxairace-3-300x300.jpg 300w, https:\/\/boxairace.com\/wp-content\/uploads\/2024\/12\/boxairace-3-150x150.jpg 150w, https:\/\/boxairace.com\/wp-content\/uploads\/2024\/12\/boxairace-3-768x768.jpg 768w, https:\/\/boxairace.com\/wp-content\/uploads\/2024\/12\/boxairace-3.jpg 1080w\" sizes=\"auto, (max-width: 1024px) 100vw, 1024px\" \/><\/figure>\n<\/div>\n<\/div>\n<\/div>\n\n<div class=\"wp-block-group alignfull has-background-background-color has-background has-global-padding is-layout-constrained wp-container-core-group-is-layout-7276a2bb wp-block-group-is-layout-constrained\" id=\"ueber-uns\" style=\"margin-top:0;margin-bottom:0;padding-top:var(--wp--preset--spacing--60);padding-right:var(--wp--preset--spacing--30);padding-bottom:var(--wp--preset--spacing--60);padding-left:var(--wp--preset--spacing--30)\">\n<div class=\"wp-block-columns alignwide are-vertically-aligned-center is-layout-flex wp-container-core-columns-is-layout-47c06fe3 wp-block-columns-is-layout-flex\">\n<div class=\"wp-block-column is-vertically-aligned-center is-layout-flow wp-block-column-is-layout-flow\" style=\"flex-basis:60%\">\n<h2 class=\"wp-block-heading has-text-align-left has-large-font-size\">Fedezze fel a VW Bog\u00e1r projektjeink var\u00e1zs\u00e1t<\/h2>\n\n\n\n<p style=\"margin-top:16px\">Ez a r\u00e9sz a VW Bog\u00e1r \u00e9s Porsche felnik restaur\u00e1l\u00e1s\u00e1val \u00e9s tuningj\u00e1val kapcsolatos szenved\u00e9ly\u00fcnket \u00e9s szak\u00e9rtelm\u00fcnket mutatja be. Kiemeli azokat az \u00e9rt\u00e9keket \u00e9s elveket, amelyek a t\u00f6k\u00e9letess\u00e9gre \u00e9s az \u00fcgyfelek el\u00e9gedetts\u00e9g\u00e9re val\u00f3 t\u00f6rekv\u00e9s\u00fcnket vez\u00e9rlik.<\/p>\n<\/div>\n\n\n\n<div class=\"wp-block-column is-vertically-aligned-center is-layout-flow wp-container-core-column-is-layout-f5bb311e wp-block-column-is-layout-flow\" style=\"flex-basis:50%\">\n<figure class=\"wp-block-image size-large\"><img loading=\"lazy\" decoding=\"async\" width=\"1024\" height=\"1024\" src=\"https:\/\/boxairace.com\/wp-content\/uploads\/2024\/12\/boxairace-1-1024x1024.jpg\" alt=\"\" class=\"wp-image-128\" style=\"aspect-ratio:4\/3;object-fit:cover\" srcset=\"https:\/\/boxairace.com\/wp-content\/uploads\/2024\/12\/boxairace-1-1024x1024.jpg 1024w, https:\/\/boxairace.com\/wp-content\/uploads\/2024\/12\/boxairace-1-300x300.jpg 300w, https:\/\/boxairace.com\/wp-content\/uploads\/2024\/12\/boxairace-1-150x150.jpg 150w, https:\/\/boxairace.com\/wp-content\/uploads\/2024\/12\/boxairace-1-768x768.jpg 768w, https:\/\/boxairace.com\/wp-content\/uploads\/2024\/12\/boxairace-1.jpg 1080w\" sizes=\"auto, (max-width: 1024px) 100vw, 1024px\" \/><\/figure>\n<\/div>\n<\/div>\n<\/div>\n\n<div class=\"wp-block-group alignfull has-tertiary-background-color has-background has-global-padding is-layout-constrained wp-container-core-group-is-layout-28549256 wp-block-group-is-layout-constrained\" id=\"blog\" style=\"margin-top:0;margin-bottom:0;padding-top:var(--wp--preset--spacing--60);padding-right:var(--wp--preset--spacing--30);padding-bottom:var(--wp--preset--spacing--60);padding-left:var(--wp--preset--spacing--30)\">\n<div class=\"wp-block-columns alignwide is-layout-flex wp-container-core-columns-is-layout-28f84493 wp-block-columns-is-layout-flex\">\n<div class=\"wp-block-column is-layout-flow wp-block-column-is-layout-flow\" style=\"flex-basis:33.33%\">\n<h2 class=\"wp-block-heading has-large-font-size\">Projektjeink<\/h2>\n\n\n\n<p style=\"margin-top:16px\">Tudjon meg mindent, amit a VW Bog\u00e1r \u00e9s a Porsche felnik fel\u00faj\u00edt\u00e1s\u00e1r\u00f3l \u00e9s tuningj\u00e1r\u00f3l tudni kell. Inspir\u00e1l\u00f3djon projektjeink \u00e9s tippjeink \u00e1ltal.<\/p>\n<\/div>\n\n\n\n<div class=\"wp-block-column is-layout-flow wp-container-core-column-is-layout-22223934 wp-block-column-is-layout-flow\" style=\"flex-basis:66.66%\">\n<div data-wp-context=\"{}\" data-wp-interactive=\"core\/query\" data-wp-key=\"10\" data-wp-router-region=\"query-10\" class=\"wp-block-query alignwide is-layout-flow wp-block-query-is-layout-flow\"><ul class=\"columns-2 wp-block-post-template is-layout-grid wp-container-core-post-template-is-layout-02493678 wp-block-post-template-is-layout-grid\"><li data-wp-key=\"post-template-item-317\" class=\"wp-block-post post-317 post type-post status-publish format-standard has-post-thumbnail hentry category-kategorie-1-hu category-kategorie-3\">\n<figure style=\"aspect-ratio:16\/9;\" class=\"wp-block-post-featured-image\"><a href=\"https:\/\/boxairace.com\/hu\/wie-man-den-wert-eines-klassischen-vw-kaefers-steigert\/\" target=\"_self\"  ><img loading=\"lazy\" decoding=\"async\" width=\"1080\" height=\"1080\" src=\"https:\/\/boxairace.com\/wp-content\/uploads\/2024\/12\/boxairace-4.jpg\" class=\"attachment-post-thumbnail size-post-thumbnail wp-post-image\" alt=\"Wie man den Wert eines klassischen VW K\u00e4fers steigert\" style=\"width:100%;height:100%;object-fit:cover;\" srcset=\"https:\/\/boxairace.com\/wp-content\/uploads\/2024\/12\/boxairace-4.jpg 1080w, https:\/\/boxairace.com\/wp-content\/uploads\/2024\/12\/boxairace-4-300x300.jpg 300w, https:\/\/boxairace.com\/wp-content\/uploads\/2024\/12\/boxairace-4-1024x1024.jpg 1024w, https:\/\/boxairace.com\/wp-content\/uploads\/2024\/12\/boxairace-4-150x150.jpg 150w, https:\/\/boxairace.com\/wp-content\/uploads\/2024\/12\/boxairace-4-768x768.jpg 768w\" sizes=\"auto, (max-width: 1080px) 100vw, 1080px\" \/><\/a><\/figure>\n\n<div style=\"margin-top:24px;margin-bottom:8px\" class=\"taxonomy-category has-link-color wp-elements-8b923f8309d8d59211341010e2917638 wp-block-post-terms has-small-font-size\"><a href=\"https:\/\/boxairace.com\/hu\/category\/kategorie-1-hu\/\" rel=\"tag\">Kategorie 1<\/a><span class=\"wp-block-post-terms__separator\">, <\/span><a href=\"https:\/\/boxairace.com\/hu\/category\/kategorie-3\/\" rel=\"tag\">Kategorie 3<\/a><\/div>\n\n<h2 style=\"font-size:clamp(0.984rem, 0.984rem + ((1vw - 0.2rem) * 0.86), 1.5rem); margin-top:6px;margin-bottom:12px;\" class=\"wp-block-post-title\"><a href=\"https:\/\/boxairace.com\/hu\/wie-man-den-wert-eines-klassischen-vw-kaefers-steigert\/\" target=\"_self\" >Wie man den Wert eines klassischen VW K\u00e4fers steigert<\/a><\/h2>\n\n<div style=\"margin-top:0;margin-bottom:0;\" class=\"wp-block-post-excerpt has-small-font-size\"><p class=\"wp-block-post-excerpt__excerpt\">Dieser Absatz dient als Einleitung zu Ihrem Blogbeitrag. Beginnen Sie damit, das Hauptthema oder&hellip; <\/p><\/div>\n\n\n<div style=\"height:1.5rem\" aria-hidden=\"true\" class=\"wp-block-spacer\"><\/div>\n\n<\/li><li data-wp-key=\"post-template-item-321\" class=\"wp-block-post post-321 post type-post status-publish format-standard has-post-thumbnail hentry category-kategorie-1-hu\">\n<figure style=\"aspect-ratio:16\/9;\" class=\"wp-block-post-featured-image\"><a href=\"https:\/\/boxairace.com\/hu\/porsche-felgen-perfekte-ergaenzung-fuer-ihren-oldtimer\/\" target=\"_self\"  ><img loading=\"lazy\" decoding=\"async\" width=\"1280\" height=\"577\" src=\"https:\/\/boxairace.com\/wp-content\/uploads\/2024\/12\/IMG_3808-2.jpg\" class=\"attachment-post-thumbnail size-post-thumbnail wp-post-image\" alt=\"Porsche Felgen: Perfekte Erg\u00e4nzung f\u00fcr Ihren Oldtimer\" style=\"width:100%;height:100%;object-fit:cover;\" \/><\/a><\/figure>\n\n<div style=\"margin-top:24px;margin-bottom:8px\" class=\"taxonomy-category has-link-color wp-elements-8b923f8309d8d59211341010e2917638 wp-block-post-terms has-small-font-size\"><a href=\"https:\/\/boxairace.com\/hu\/category\/kategorie-1-hu\/\" rel=\"tag\">Kategorie 1<\/a><\/div>\n\n<h2 style=\"font-size:clamp(0.984rem, 0.984rem + ((1vw - 0.2rem) * 0.86), 1.5rem); margin-top:6px;margin-bottom:12px;\" class=\"wp-block-post-title\"><a href=\"https:\/\/boxairace.com\/hu\/porsche-felgen-perfekte-ergaenzung-fuer-ihren-oldtimer\/\" target=\"_self\" >Porsche Felgen: Perfekte Erg\u00e4nzung f\u00fcr Ihren Oldtimer<\/a><\/h2>\n\n<div style=\"margin-top:0;margin-bottom:0;\" class=\"wp-block-post-excerpt has-small-font-size\"><p class=\"wp-block-post-excerpt__excerpt\">Dieser Absatz dient als Einleitung zu Ihrem Blogbeitrag. Beginnen Sie damit, das Hauptthema oder&hellip; <\/p><\/div>\n\n\n<div style=\"height:1.5rem\" aria-hidden=\"true\" class=\"wp-block-spacer\"><\/div>\n\n<\/li><\/ul>\n\n<\/div>\n<\/div>\n<\/div>\n<\/div>\n\n<div class=\"wp-block-group alignfull has-background-background-color has-background has-global-padding is-layout-constrained wp-container-core-group-is-layout-7276a2bb wp-block-group-is-layout-constrained\" id=\"dienstleistungen\" style=\"margin-top:0;margin-bottom:0;padding-top:var(--wp--preset--spacing--60);padding-right:var(--wp--preset--spacing--30);padding-bottom:var(--wp--preset--spacing--60);padding-left:var(--wp--preset--spacing--30)\">\n<div class=\"wp-block-group alignwide has-global-padding is-content-justification-center is-layout-constrained wp-block-group-is-layout-constrained\">\n<h2 class=\"wp-block-heading has-text-align-center has-large-font-size\">\u00dajra\u00e9leszti VW Bog\u00e1rj\u00e1t a boxairace seg\u00edts\u00e9g\u00e9vel<\/h2>\n\n\n\n<p class=\"has-text-align-center\" style=\"margin-top:16px\">Fedezze fel a min\u0151s\u00e9g \u00e9s a vev\u0151i el\u00e9gedetts\u00e9g ir\u00e1nti szenved\u00e9ly\u00fcnket.<\/p>\n<\/div>\n\n\n\n<div class=\"wp-block-columns alignwide is-layout-flex wp-container-core-columns-is-layout-d0846407 wp-block-columns-is-layout-flex\">\n<div class=\"wp-block-column is-layout-flow wp-block-column-is-layout-flow\">\n<figure class=\"wp-block-image size-large ext-aspect-landscape\"><img loading=\"lazy\" decoding=\"async\" width=\"1024\" height=\"1024\" src=\"https:\/\/boxairace.com\/wp-content\/uploads\/2024\/12\/boxairace-2-1024x1024.jpg\" alt=\"\" class=\"wp-image-127\" style=\"aspect-ratio:4\/3;object-fit:cover\" srcset=\"https:\/\/boxairace.com\/wp-content\/uploads\/2024\/12\/boxairace-2-1024x1024.jpg 1024w, https:\/\/boxairace.com\/wp-content\/uploads\/2024\/12\/boxairace-2-300x300.jpg 300w, https:\/\/boxairace.com\/wp-content\/uploads\/2024\/12\/boxairace-2-150x150.jpg 150w, https:\/\/boxairace.com\/wp-content\/uploads\/2024\/12\/boxairace-2-768x768.jpg 768w, https:\/\/boxairace.com\/wp-content\/uploads\/2024\/12\/boxairace-2.jpg 1080w\" sizes=\"auto, (max-width: 1024px) 100vw, 1024px\" \/><\/figure>\n\n\n\n<h3 class=\"wp-block-heading has-text-align-center\" style=\"margin-top:24px;font-size:clamp(14px, 0.875rem + ((1vw - 3.2px) * 0.625), 20px);line-height:1.5\">Helyre\u00e1ll\u00edt\u00e1s<\/h3>\n\n\n\n<p class=\"has-text-align-center has-small-font-size\" style=\"margin-top:8px\">T\u00f6k\u00e9letesen illeszkedik a VW Bog\u00e1r \u00e9s a Porsche felnikhez.<\/p>\n<\/div>\n\n\n\n<div class=\"wp-block-column is-layout-flow wp-block-column-is-layout-flow\">\n<figure class=\"wp-block-image size-large ext-aspect-landscape\"><img loading=\"lazy\" decoding=\"async\" width=\"1024\" height=\"1024\" src=\"https:\/\/boxairace.com\/wp-content\/uploads\/2024\/12\/boxairace-1-1024x1024.jpg\" alt=\"\" class=\"wp-image-128\" style=\"aspect-ratio:4\/3;object-fit:cover\" srcset=\"https:\/\/boxairace.com\/wp-content\/uploads\/2024\/12\/boxairace-1-1024x1024.jpg 1024w, https:\/\/boxairace.com\/wp-content\/uploads\/2024\/12\/boxairace-1-300x300.jpg 300w, https:\/\/boxairace.com\/wp-content\/uploads\/2024\/12\/boxairace-1-150x150.jpg 150w, https:\/\/boxairace.com\/wp-content\/uploads\/2024\/12\/boxairace-1-768x768.jpg 768w, https:\/\/boxairace.com\/wp-content\/uploads\/2024\/12\/boxairace-1.jpg 1080w\" sizes=\"auto, (max-width: 1024px) 100vw, 1024px\" \/><\/figure>\n\n\n\n<h3 class=\"wp-block-heading has-text-align-center\" style=\"margin-top:24px;font-size:clamp(14px, 0.875rem + ((1vw - 3.2px) * 0.625), 20px);line-height:1.5\">Tuning<\/h3>\n\n\n\n<p class=\"has-text-align-center has-small-font-size\" style=\"margin-top:8px\">Egyedi hangol\u00e1si megold\u00e1sok a legjobb teljes\u00edtm\u00e9ny \u00e9rdek\u00e9ben.<\/p>\n<\/div>\n\n\n\n<div class=\"wp-block-column is-layout-flow wp-block-column-is-layout-flow\">\n<figure class=\"wp-block-image size-full ext-aspect-landscape\"><img loading=\"lazy\" decoding=\"async\" width=\"858\" height=\"610\" src=\"https:\/\/boxairace.com\/wp-content\/uploads\/2024\/12\/felgen.png\" alt=\"\" class=\"wp-image-136\" style=\"aspect-ratio:4\/3;object-fit:cover\"\/><\/figure>\n\n\n\n<h3 class=\"wp-block-heading has-text-align-center\" style=\"margin-top:24px;font-size:clamp(14px, 0.875rem + ((1vw - 3.2px) * 0.625), 20px);line-height:1.5\">Felni jav\u00edt\u00e1sa  <\/h3>\n\n\n\n<p class=\"has-text-align-center has-small-font-size\" style=\"margin-top:8px\">Maxim\u00e1lis pontoss\u00e1got \u00e9s megb\u00edzhat\u00f3s\u00e1got biztos\u00edt.<\/p>\n<\/div>\n<\/div>\n<\/div>\n\n<div class=\"wp-block-group alignfull has-tertiary-background-color has-background has-global-padding is-layout-constrained wp-container-core-group-is-layout-7276a2bb wp-block-group-is-layout-constrained\" style=\"margin-top:0;margin-bottom:0;padding-top:var(--wp--preset--spacing--60);padding-right:var(--wp--preset--spacing--30);padding-bottom:var(--wp--preset--spacing--60);padding-left:var(--wp--preset--spacing--30)\">\n<div class=\"wp-block-group alignwide is-content-justification-space-between is-layout-flex wp-container-core-group-is-layout-9366075c wp-block-group-is-layout-flex\">\n<div class=\"wp-block-group has-global-padding is-layout-constrained wp-block-group-is-layout-constrained\">\n<h2 class=\"wp-block-heading has-large-font-size\">Szenved\u00e9ly a VW Bog\u00e1r ir\u00e1nt<\/h2>\n\n\n\n<p style=\"margin-top:16px\">Fedezze fel a VW Bog\u00e1r restaur\u00e1l\u00e1si \u00e9s tuning szolg\u00e1ltat\u00e1sainkat, \u00e9s \u00e9lvezze 10 \u00e9ves tapasztalatunkat. Regisztr\u00e1ljon m\u00e9g ma \u00e9s tapasztalja meg a k\u00fcl\u00f6nbs\u00e9get!<\/p>\n<\/div>\n\n\n\n<div class=\"wp-block-buttons is-horizontal is-content-justification-right is-layout-flex wp-container-core-buttons-is-layout-27c00227 wp-block-buttons-is-layout-flex\">\n<div class=\"wp-block-button\"><a class=\"wp-block-button__link wp-element-button\" href=\"https:\/\/boxairace.com\/#kontakt\">Fedezzen fel t\u00f6bbet<\/a><\/div>\n<\/div>\n<\/div>\n<\/div>\n\n<div class=\"wp-block-group alignfull has-background-background-color has-background has-global-padding is-layout-constrained wp-block-group-is-layout-constrained\" id=\"kontakt\" style=\"margin-top:0;margin-bottom:0;padding-top:var(--wp--preset--spacing--60);padding-bottom:var(--wp--preset--spacing--60)\">\n<div class=\"wp-block-columns alignwide is-layout-flex wp-container-core-columns-is-layout-08c01c1c wp-block-columns-is-layout-flex\">\n<div class=\"wp-block-column is-layout-flow wp-block-column-is-layout-flow\">\n<h2 class=\"wp-block-heading has-large-font-size\">Szenved\u00e9ly a klasszikus VW Bogarak ir\u00e1nt<\/h2>\n\n\n\n<p style=\"margin-top:16px\">Csatlakozzon hozz\u00e1nk a k\u00f6z\u00f6ss\u00e9gi m\u00e9di\u00e1n kereszt\u00fcl<\/p>\n<\/div>\n\n\n\n<div class=\"wp-block-column is-layout-flow wp-block-column-is-layout-flow\">\n<div class=\"wp-block-contact-form-7-contact-form-selector\">\n<div class=\"wpcf7 no-js\" id=\"wpcf7-f297-o1\" lang=\"hu-HU\" dir=\"ltr\" data-wpcf7-id=\"297\">\n<div class=\"screen-reader-response\"><p role=\"status\" aria-live=\"polite\" aria-atomic=\"true\"><\/p> <ul><\/ul><\/div>\n<form action=\"\/hu\/wp-json\/wp\/v2\/pages\/275#wpcf7-f297-o1\" method=\"post\" class=\"wpcf7-form init\" aria-label=\"Kapcsolatfelv\u00e9teli \u0171rlap\" novalidate=\"novalidate\" data-status=\"init\">\n<fieldset class=\"hidden-fields-container\"><input type=\"hidden\" name=\"_wpcf7\" value=\"297\" \/><input type=\"hidden\" name=\"_wpcf7_version\" value=\"6.1.5\" \/><input type=\"hidden\" name=\"_wpcf7_locale\" value=\"hu_HU\" \/><input type=\"hidden\" name=\"_wpcf7_unit_tag\" value=\"wpcf7-f297-o1\" \/><input type=\"hidden\" name=\"_wpcf7_container_post\" value=\"0\" \/><input type=\"hidden\" name=\"_wpcf7_posted_data_hash\" value=\"\" \/>\n<\/fieldset>\n<p><label> Az \u00d6n neve<br \/>\n<span class=\"wpcf7-form-control-wrap\" data-name=\"your-name\"><input size=\"40\" maxlength=\"400\" class=\"wpcf7-form-control wpcf7-text wpcf7-validates-as-required\" autocomplete=\"name\" aria-required=\"true\" aria-invalid=\"false\" value=\"\" type=\"text\" name=\"your-name\" \/><\/span> <\/label>\n<\/p>\n<p><label> Az \u00d6n e-mail c\u00edme<br \/>\n<span class=\"wpcf7-form-control-wrap\" data-name=\"your-email\"><input size=\"40\" maxlength=\"400\" class=\"wpcf7-form-control wpcf7-email wpcf7-validates-as-required wpcf7-text wpcf7-validates-as-email\" autocomplete=\"email\" aria-required=\"true\" aria-invalid=\"false\" value=\"\" type=\"email\" name=\"your-email\" \/><\/span> <\/label>\n<\/p>\n<p><label> T\u00e1rgy:<br \/>\n<span class=\"wpcf7-form-control-wrap\" data-name=\"your-subject\"><input size=\"40\" maxlength=\"400\" class=\"wpcf7-form-control wpcf7-text wpcf7-validates-as-required\" aria-required=\"true\" aria-invalid=\"false\" value=\"\" type=\"text\" name=\"your-subject\" \/><\/span> <\/label>\n<\/p>\n<p><label> Az \u00d6n \u00fczenete (nem k\u00f6telez\u0151)<br \/>\n<span class=\"wpcf7-form-control-wrap\" data-name=\"your-message\"><textarea cols=\"40\" rows=\"10\" maxlength=\"2000\" class=\"wpcf7-form-control wpcf7-textarea\" aria-invalid=\"false\" name=\"your-message\"><\/textarea><\/span> <\/label>\n<\/p>\n<p><input class=\"wpcf7-form-control wpcf7-submit has-spinner\" type=\"submit\" value=\"K\u00fcldje el a\" \/>\n<\/p><div class=\"wpcf7-response-output\" aria-hidden=\"true\"><\/div>\n<\/form>\n<\/div>\n<\/div>\n<\/div>\n<\/div>\n<\/div>\n","protected":false},"excerpt":{"rendered":"<p>A VW Bog\u00e1r \u00e9s Porsche felnik szak\u00e9rt\u0151je Fedezze fel szenved\u00e9ly\u00fcnket a VW kultikus aut\u00f3k fel\u00faj\u00edt\u00e1sa \u00e9s tuningja ir\u00e1nt. Fedezze fel a VW Bog\u00e1r projektjeink var\u00e1zs\u00e1t Ez a r\u00e9sz a VW Bog\u00e1r \u00e9s Porsche felnik restaur\u00e1l\u00e1s\u00e1val \u00e9s tuningj\u00e1val kapcsolatos szenved\u00e9ly\u00fcnket \u00e9s szak\u00e9rtelm\u00fcnket mutatja be. Kiemeli azokat az \u00e9rt\u00e9keket \u00e9s elveket, amelyek a t\u00f6k\u00e9letess\u00e9gre \u00e9s az \u00fcgyfelek [&hellip;]<\/p>\n","protected":false},"author":1,"featured_media":0,"parent":0,"menu_order":0,"comment_status":"closed","ping_status":"closed","template":"no-title-sticky-header","meta":{"footnotes":""},"class_list":["post-275","page","type-page","status-publish","hentry"],"aioseo_notices":[],"_links":{"self":[{"href":"https:\/\/boxairace.com\/hu\/wp-json\/wp\/v2\/pages\/275","targetHints":{"allow":["GET"]}}],"collection":[{"href":"https:\/\/boxairace.com\/hu\/wp-json\/wp\/v2\/pages"}],"about":[{"href":"https:\/\/boxairace.com\/hu\/wp-json\/wp\/v2\/types\/page"}],"author":[{"embeddable":true,"href":"https:\/\/boxairace.com\/hu\/wp-json\/wp\/v2\/users\/1"}],"replies":[{"embeddable":true,"href":"https:\/\/boxairace.com\/hu\/wp-json\/wp\/v2\/comments?post=275"}],"version-history":[{"count":1,"href":"https:\/\/boxairace.com\/hu\/wp-json\/wp\/v2\/pages\/275\/revisions"}],"predecessor-version":[{"id":277,"href":"https:\/\/boxairace.com\/hu\/wp-json\/wp\/v2\/pages\/275\/revisions\/277"}],"wp:attachment":[{"href":"https:\/\/boxairace.com\/hu\/wp-json\/wp\/v2\/media?parent=275"}],"curies":[{"name":"wp","href":"https:\/\/api.w.org\/{rel}","templated":true}]}}